{"id":546,"date":"2022-09-06T09:15:48","date_gmt":"2022-09-06T09:15:48","guid":{"rendered":"https:\/\/clinicagomis.com\/notre-equipe\/"},"modified":"2024-07-08T11:08:13","modified_gmt":"2024-07-08T11:08:13","slug":"notre-equipe","status":"publish","type":"page","link":"https:\/\/clinicagomis.com\/fr\/notre-equipe\/","title":{"rendered":"Notre \u00e9quipe"},"content":{"rendered":"\t\t<div data-elementor-type=\"wp-page\" data-elementor-id=\"546\" class=\"elementor elementor-546 elementor-14\" data-elementor-post-type=\"page\">\n\t\t\t\t\t\t<section class=\"elementor-section elementor-top-section elementor-element elementor-element-2d4f91a elementor-section-height-min-height elementor-section-boxed elementor-section-height-default elementor-section-items-middle\" data-id=\"2d4f91a\" data-element_type=\"section\" data-e-type=\"section\" data-settings=\"{&quot;background_background&quot;:&quot;classic&quot;}\">\n\t\t\t\t\t\t\t<div class=\"elementor-background-overlay\"><\/div>\n\t\t\t\t\t\t\t<div class=\"elementor-container elementor-column-gap-default\">\n\t\t\t\t\t<div class=\"elementor-column elementor-col-100 elementor-top-column elementor-element elementor-element-ceecf85\" data-id=\"ceecf85\" data-element_type=\"column\" data-e-type=\"column\">\n\t\t\t<div class=\"elementor-widget-wrap elementor-element-populated\">\n\t\t\t\t\t\t<div class=\"elementor-element elementor-element-a82463d elementor-widget elementor-widget-heading\" data-id=\"a82463d\" data-element_type=\"widget\" data-e-type=\"widget\" data-widget_type=\"heading.default\">\n\t\t\t\t<div class=\"elementor-widget-container\">\n\t\t\t\t\t<h2 class=\"elementor-heading-title elementor-size-default\">Notre \u00e9quipe<\/h2>\t\t\t\t<\/div>\n\t\t\t\t<\/div>\n\t\t\t\t\t<\/div>\n\t\t<\/div>\n\t\t\t\t\t<\/div>\n\t\t<\/section>\n\t\t\t\t<section class=\"elementor-section elementor-top-section elementor-element elementor-element-74f3bc3 elementor-section-boxed elementor-section-height-default elementor-section-height-default\" data-id=\"74f3bc3\" data-element_type=\"section\" data-e-type=\"section\">\n\t\t\t\t\t\t<div class=\"elementor-container elementor-column-gap-default\">\n\t\t\t\t\t<div class=\"elementor-column elementor-col-50 elementor-top-column elementor-element elementor-element-5e37422\" data-id=\"5e37422\" data-element_type=\"column\" data-e-type=\"column\">\n\t\t\t<div class=\"elementor-widget-wrap elementor-element-populated\">\n\t\t\t\t\t\t<div class=\"elementor-element elementor-element-e9887e2 elementor-widget elementor-widget-text-editor\" data-id=\"e9887e2\" data-element_type=\"widget\" data-e-type=\"widget\" data-widget_type=\"text-editor.default\">\n\t\t\t\t<div class=\"elementor-widget-container\">\n\t\t\t\t\t\t\t\t\t<p>Nous sommes une \u00e9quipe humaine compos\u00e9e de professionnels avec exp\u00e9rience et vocation et un objectif commun : assurer la sant\u00e9 de vos animaux.<br \/>Actuellement, dirig\u00e9e par Quim Gomis Giralt, la <strong>Clinique V\u00e9t\u00e9rinaire Dr. Gomis<\/strong> dispose d&rsquo;une \u00e9quipe de 5 V\u00e9t\u00e9rinaires et 2 Assistants V\u00e9t\u00e9rinaires, dans les centres Rosas et Empuriabrava, avec diff\u00e9rentes sp\u00e9cialit\u00e9s telles que la Chirurgie G\u00e9n\u00e9rale, la Traumatologie, les Exotiques et le Comportement.<br \/>Le bien-\u00eatre de vos animaux de compagnie est notre engagement et pour garder votre animal heureux et en bonne sant\u00e9, vous devez l&#8217;emmener chez votre v\u00e9t\u00e9rinaire pour un examen m\u00e9dical r\u00e9gulier.<\/p>\n\t\t\t\t\t\t\t\t<\/div>\n\t\t\t\t<\/div>\n\t\t\t\t<div class=\"elementor-element elementor-element-a829a55 elementor-widget elementor-widget-text-editor\" data-id=\"a829a55\" data-element_type=\"widget\" data-e-type=\"widget\" data-widget_type=\"text-editor.default\">\n\t\t\t\t<div class=\"elementor-widget-container\">\n\t\t\t\t\t\t\t\t\t<p>Votre animal domestique doit \u00eatre vaccin\u00e9 contre la rage, la maladie de Carr\u00e9 et d&rsquo;autres maladies courantes. Il est \u00e9galement important de prot\u00e9ger votre animal contre les parasites comme les puces et les t\u00e9nias. Pour diminuer le nombre d&rsquo;animaux non d\u00e9sir\u00e9s, pensez \u00e0 faire st\u00e9riliser votre animal. Les chats et les chiens doivent ins\u00e9rer une puce d&rsquo;identification afin que vous puissiez retrouver votre animal plus rapidement.<\/p>\n\t\t\t\t\t\t\t\t<\/div>\n\t\t\t\t<\/div>\n\t\t\t\t\t<\/div>\n\t\t<\/div>\n\t\t\t\t<div class=\"elementor-column elementor-col-50 elementor-top-column elementor-element elementor-element-4e3206c\" data-id=\"4e3206c\" data-element_type=\"column\" data-e-type=\"column\">\n\t\t\t<div class=\"elementor-widget-wrap elementor-element-populated\">\n\t\t\t\t\t\t<div class=\"elementor-element elementor-element-969355a elementor-widget elementor-widget-image\" data-id=\"969355a\" data-element_type=\"widget\" data-e-type=\"widget\" data-widget_type=\"image.default\">\n\t\t\t\t<div class=\"elementor-widget-container\">\n\t\t\t\t\t\t\t\t\t\t\t\t\t\t\t<img fetchpriority=\"high\" decoding=\"async\" width=\"1500\" height=\"1383\" src=\"https:\/\/clinicagomis.com\/wp-content\/uploads\/2021\/08\/equipVeterinari.jpg\" class=\"attachment-full size-full wp-image-365\" alt=\"\" srcset=\"https:\/\/clinicagomis.com\/wp-content\/uploads\/2021\/08\/equipVeterinari.jpg 1500w, https:\/\/clinicagomis.com\/wp-content\/uploads\/2021\/08\/equipVeterinari-300x277.jpg 300w, https:\/\/clinicagomis.com\/wp-content\/uploads\/2021\/08\/equipVeterinari-1024x944.jpg 1024w, https:\/\/clinicagomis.com\/wp-content\/uploads\/2021\/08\/equipVeterinari-768x708.jpg 768w\" sizes=\"(max-width: 1500px) 100vw, 1500px\" \/>\t\t\t\t\t\t\t\t\t\t\t\t\t\t\t<\/div>\n\t\t\t\t<\/div>\n\t\t\t\t\t<\/div>\n\t\t<\/div>\n\t\t\t\t\t<\/div>\n\t\t<\/section>\n\t\t\t\t<\/div>\n\t\t","protected":false},"excerpt":{"rendered":"<p>Notre \u00e9quipe Nous sommes une \u00e9quipe humaine compos\u00e9e de professionnels avec exp\u00e9rience et vocation et un objectif commun : assurer la sant\u00e9 de vos animaux.Actuellement, dirig\u00e9e par Quim Gomis Giralt, la Clinique V\u00e9t\u00e9rinaire Dr. Gomis dispose d&rsquo;une \u00e9quipe de 5 V\u00e9t\u00e9rinaires et 2 Assistants V\u00e9t\u00e9rinaires, dans les centres Rosas et Empuriabrava, avec diff\u00e9rentes sp\u00e9cialit\u00e9s telles &#8230; <a title=\"Notre \u00e9quipe\" class=\"read-more\" href=\"https:\/\/clinicagomis.com\/fr\/notre-equipe\/\" aria-label=\"En savoir plus sur Notre \u00e9quipe\">Lire la suite<\/a><\/p>\n","protected":false},"author":1,"featured_media":0,"parent":0,"menu_order":0,"comment_status":"closed","ping_status":"closed","template":"","meta":{"footnotes":""},"class_list":["post-546","page","type-page","status-publish"],"yoast_head":"<!-- This site is optimized with the Yoast SEO plugin v27.4 - https:\/\/yoast.com\/product\/yoast-seo-wordpress\/ -->\n<title>Notre \u00e9quipe v\u00e9t\u00e9rinaire - Clinica Gomis<\/title>\n<meta name=\"description\" content=\"Nous sommes une \u00e9quipe v\u00e9t\u00e9rinaire compos\u00e9e de professionnels ayant une exp\u00e9rience, une vocation et un objectif commun : Veiller \u00e0 la sant\u00e9 des animaux de compagnie.\" \/>\n<meta name=\"robots\" content=\"index, follow, max-snippet:-1, max-image-preview:large, max-video-preview:-1\" \/>\n<link rel=\"canonical\" href=\"https:\/\/clinicagomis.com\/fr\/notre-equipe\/\" \/>\n<meta property=\"og:locale\" content=\"fr_FR\" \/>\n<meta property=\"og:type\" content=\"article\" \/>\n<meta property=\"og:title\" content=\"Notre \u00e9quipe v\u00e9t\u00e9rinaire - Clinica Gomis\" \/>\n<meta property=\"og:description\" content=\"Nous sommes une \u00e9quipe v\u00e9t\u00e9rinaire compos\u00e9e de professionnels ayant une exp\u00e9rience, une vocation et un objectif commun : Veiller \u00e0 la sant\u00e9 des animaux de compagnie.\" \/>\n<meta property=\"og:url\" content=\"https:\/\/clinicagomis.com\/fr\/notre-equipe\/\" \/>\n<meta property=\"og:site_name\" content=\"Clinica Gomis\" \/>\n<meta property=\"article:modified_time\" content=\"2024-07-08T11:08:13+00:00\" \/>\n<meta property=\"og:image\" content=\"https:\/\/clinicagomis.com\/wp-content\/uploads\/2021\/08\/equipVeterinari.jpg\" \/>\n<meta name=\"twitter:card\" content=\"summary_large_image\" \/>\n<meta name=\"twitter:label1\" content=\"Dur\u00e9e de lecture estim\u00e9e\" \/>\n\t<meta name=\"twitter:data1\" content=\"1 minute\" \/>\n<script type=\"application\/ld+json\" class=\"yoast-schema-graph\">{\"@context\":\"https:\\\/\\\/schema.org\",\"@graph\":[{\"@type\":\"WebPage\",\"@id\":\"https:\\\/\\\/clinicagomis.com\\\/fr\\\/notre-equipe\\\/\",\"url\":\"https:\\\/\\\/clinicagomis.com\\\/fr\\\/notre-equipe\\\/\",\"name\":\"Notre \u00e9quipe v\u00e9t\u00e9rinaire - Clinica Gomis\",\"isPartOf\":{\"@id\":\"https:\\\/\\\/clinicagomis.com\\\/fr\\\/#website\"},\"primaryImageOfPage\":{\"@id\":\"https:\\\/\\\/clinicagomis.com\\\/fr\\\/notre-equipe\\\/#primaryimage\"},\"image\":{\"@id\":\"https:\\\/\\\/clinicagomis.com\\\/fr\\\/notre-equipe\\\/#primaryimage\"},\"thumbnailUrl\":\"https:\\\/\\\/clinicagomis.com\\\/wp-content\\\/uploads\\\/2021\\\/08\\\/equipVeterinari.jpg\",\"datePublished\":\"2022-09-06T09:15:48+00:00\",\"dateModified\":\"2024-07-08T11:08:13+00:00\",\"description\":\"Nous sommes une \u00e9quipe v\u00e9t\u00e9rinaire compos\u00e9e de professionnels ayant une exp\u00e9rience, une vocation et un objectif commun : Veiller \u00e0 la sant\u00e9 des animaux de compagnie.\",\"breadcrumb\":{\"@id\":\"https:\\\/\\\/clinicagomis.com\\\/fr\\\/notre-equipe\\\/#breadcrumb\"},\"inLanguage\":\"fr-FR\",\"potentialAction\":[{\"@type\":\"ReadAction\",\"target\":[\"https:\\\/\\\/clinicagomis.com\\\/fr\\\/notre-equipe\\\/\"]}]},{\"@type\":\"ImageObject\",\"inLanguage\":\"fr-FR\",\"@id\":\"https:\\\/\\\/clinicagomis.com\\\/fr\\\/notre-equipe\\\/#primaryimage\",\"url\":\"https:\\\/\\\/clinicagomis.com\\\/wp-content\\\/uploads\\\/2021\\\/08\\\/equipVeterinari.jpg\",\"contentUrl\":\"https:\\\/\\\/clinicagomis.com\\\/wp-content\\\/uploads\\\/2021\\\/08\\\/equipVeterinari.jpg\"},{\"@type\":\"BreadcrumbList\",\"@id\":\"https:\\\/\\\/clinicagomis.com\\\/fr\\\/notre-equipe\\\/#breadcrumb\",\"itemListElement\":[{\"@type\":\"ListItem\",\"position\":1,\"name\":\"Portada\",\"item\":\"https:\\\/\\\/clinicagomis.com\\\/fr\\\/\"},{\"@type\":\"ListItem\",\"position\":2,\"name\":\"Notre \u00e9quipe\"}]},{\"@type\":\"WebSite\",\"@id\":\"https:\\\/\\\/clinicagomis.com\\\/fr\\\/#website\",\"url\":\"https:\\\/\\\/clinicagomis.com\\\/fr\\\/\",\"name\":\"Clinica Gomis\",\"description\":\"Otro sitio realizado con WordPress\",\"publisher\":{\"@id\":\"https:\\\/\\\/clinicagomis.com\\\/fr\\\/#organization\"},\"potentialAction\":[{\"@type\":\"SearchAction\",\"target\":{\"@type\":\"EntryPoint\",\"urlTemplate\":\"https:\\\/\\\/clinicagomis.com\\\/fr\\\/?s={search_term_string}\"},\"query-input\":{\"@type\":\"PropertyValueSpecification\",\"valueRequired\":true,\"valueName\":\"search_term_string\"}}],\"inLanguage\":\"fr-FR\"},{\"@type\":\"Organization\",\"@id\":\"https:\\\/\\\/clinicagomis.com\\\/fr\\\/#organization\",\"name\":\"Clinica Gomis\",\"url\":\"https:\\\/\\\/clinicagomis.com\\\/fr\\\/\",\"logo\":{\"@type\":\"ImageObject\",\"inLanguage\":\"fr-FR\",\"@id\":\"https:\\\/\\\/clinicagomis.com\\\/fr\\\/#\\\/schema\\\/logo\\\/image\\\/\",\"url\":\"https:\\\/\\\/clinicagomis.com\\\/wp-content\\\/uploads\\\/2021\\\/08\\\/logo.png\",\"contentUrl\":\"https:\\\/\\\/clinicagomis.com\\\/wp-content\\\/uploads\\\/2021\\\/08\\\/logo.png\",\"width\":369,\"height\":80,\"caption\":\"Clinica Gomis\"},\"image\":{\"@id\":\"https:\\\/\\\/clinicagomis.com\\\/fr\\\/#\\\/schema\\\/logo\\\/image\\\/\"}}]}<\/script>\n<!-- \/ Yoast SEO plugin. -->","yoast_head_json":{"title":"Notre \u00e9quipe v\u00e9t\u00e9rinaire - Clinica Gomis","description":"Nous sommes une \u00e9quipe v\u00e9t\u00e9rinaire compos\u00e9e de professionnels ayant une exp\u00e9rience, une vocation et un objectif commun : Veiller \u00e0 la sant\u00e9 des animaux de compagnie.","robots":{"index":"index","follow":"follow","max-snippet":"max-snippet:-1","max-image-preview":"max-image-preview:large","max-video-preview":"max-video-preview:-1"},"canonical":"https:\/\/clinicagomis.com\/fr\/notre-equipe\/","og_locale":"fr_FR","og_type":"article","og_title":"Notre \u00e9quipe v\u00e9t\u00e9rinaire - Clinica Gomis","og_description":"Nous sommes une \u00e9quipe v\u00e9t\u00e9rinaire compos\u00e9e de professionnels ayant une exp\u00e9rience, une vocation et un objectif commun : Veiller \u00e0 la sant\u00e9 des animaux de compagnie.","og_url":"https:\/\/clinicagomis.com\/fr\/notre-equipe\/","og_site_name":"Clinica Gomis","article_modified_time":"2024-07-08T11:08:13+00:00","og_image":[{"url":"https:\/\/clinicagomis.com\/wp-content\/uploads\/2021\/08\/equipVeterinari.jpg","type":"","width":"","height":""}],"twitter_card":"summary_large_image","twitter_misc":{"Dur\u00e9e de lecture estim\u00e9e":"1 minute"},"schema":{"@context":"https:\/\/schema.org","@graph":[{"@type":"WebPage","@id":"https:\/\/clinicagomis.com\/fr\/notre-equipe\/","url":"https:\/\/clinicagomis.com\/fr\/notre-equipe\/","name":"Notre \u00e9quipe v\u00e9t\u00e9rinaire - Clinica Gomis","isPartOf":{"@id":"https:\/\/clinicagomis.com\/fr\/#website"},"primaryImageOfPage":{"@id":"https:\/\/clinicagomis.com\/fr\/notre-equipe\/#primaryimage"},"image":{"@id":"https:\/\/clinicagomis.com\/fr\/notre-equipe\/#primaryimage"},"thumbnailUrl":"https:\/\/clinicagomis.com\/wp-content\/uploads\/2021\/08\/equipVeterinari.jpg","datePublished":"2022-09-06T09:15:48+00:00","dateModified":"2024-07-08T11:08:13+00:00","description":"Nous sommes une \u00e9quipe v\u00e9t\u00e9rinaire compos\u00e9e de professionnels ayant une exp\u00e9rience, une vocation et un objectif commun : Veiller \u00e0 la sant\u00e9 des animaux de compagnie.","breadcrumb":{"@id":"https:\/\/clinicagomis.com\/fr\/notre-equipe\/#breadcrumb"},"inLanguage":"fr-FR","potentialAction":[{"@type":"ReadAction","target":["https:\/\/clinicagomis.com\/fr\/notre-equipe\/"]}]},{"@type":"ImageObject","inLanguage":"fr-FR","@id":"https:\/\/clinicagomis.com\/fr\/notre-equipe\/#primaryimage","url":"https:\/\/clinicagomis.com\/wp-content\/uploads\/2021\/08\/equipVeterinari.jpg","contentUrl":"https:\/\/clinicagomis.com\/wp-content\/uploads\/2021\/08\/equipVeterinari.jpg"},{"@type":"BreadcrumbList","@id":"https:\/\/clinicagomis.com\/fr\/notre-equipe\/#breadcrumb","itemListElement":[{"@type":"ListItem","position":1,"name":"Portada","item":"https:\/\/clinicagomis.com\/fr\/"},{"@type":"ListItem","position":2,"name":"Notre \u00e9quipe"}]},{"@type":"WebSite","@id":"https:\/\/clinicagomis.com\/fr\/#website","url":"https:\/\/clinicagomis.com\/fr\/","name":"Clinica Gomis","description":"Otro sitio realizado con WordPress","publisher":{"@id":"https:\/\/clinicagomis.com\/fr\/#organization"},"potentialAction":[{"@type":"SearchAction","target":{"@type":"EntryPoint","urlTemplate":"https:\/\/clinicagomis.com\/fr\/?s={search_term_string}"},"query-input":{"@type":"PropertyValueSpecification","valueRequired":true,"valueName":"search_term_string"}}],"inLanguage":"fr-FR"},{"@type":"Organization","@id":"https:\/\/clinicagomis.com\/fr\/#organization","name":"Clinica Gomis","url":"https:\/\/clinicagomis.com\/fr\/","logo":{"@type":"ImageObject","inLanguage":"fr-FR","@id":"https:\/\/clinicagomis.com\/fr\/#\/schema\/logo\/image\/","url":"https:\/\/clinicagomis.com\/wp-content\/uploads\/2021\/08\/logo.png","contentUrl":"https:\/\/clinicagomis.com\/wp-content\/uploads\/2021\/08\/logo.png","width":369,"height":80,"caption":"Clinica Gomis"},"image":{"@id":"https:\/\/clinicagomis.com\/fr\/#\/schema\/logo\/image\/"}}]}},"_links":{"self":[{"href":"https:\/\/clinicagomis.com\/fr\/wp-json\/wp\/v2\/pages\/546","targetHints":{"allow":["GET"]}}],"collection":[{"href":"https:\/\/clinicagomis.com\/fr\/wp-json\/wp\/v2\/pages"}],"about":[{"href":"https:\/\/clinicagomis.com\/fr\/wp-json\/wp\/v2\/types\/page"}],"author":[{"embeddable":true,"href":"https:\/\/clinicagomis.com\/fr\/wp-json\/wp\/v2\/users\/1"}],"replies":[{"embeddable":true,"href":"https:\/\/clinicagomis.com\/fr\/wp-json\/wp\/v2\/comments?post=546"}],"version-history":[{"count":2,"href":"https:\/\/clinicagomis.com\/fr\/wp-json\/wp\/v2\/pages\/546\/revisions"}],"predecessor-version":[{"id":835,"href":"https:\/\/clinicagomis.com\/fr\/wp-json\/wp\/v2\/pages\/546\/revisions\/835"}],"wp:attachment":[{"href":"https:\/\/clinicagomis.com\/fr\/wp-json\/wp\/v2\/media?parent=546"}],"curies":[{"name":"wp","href":"https:\/\/api.w.org\/{rel}","templated":true}]}}